{"id":4702,"date":"2025-03-19T13:33:23","date_gmt":"2025-03-19T12:33:23","guid":{"rendered":"https:\/\/www.sadniceveljovic.rs\/wp\/?post_type=product&#038;p=4702"},"modified":"2026-02-19T13:13:29","modified_gmt":"2026-02-19T12:13:29","slug":"lipa-tilia-spp","status":"publish","type":"product","link":"https:\/\/www.sadniceveljovic.rs\/wp\/product\/lipa-tilia-spp\/","title":{"rendered":"Lipa &#8211; (Tilia spp.)"},"content":{"rendered":"<p>Lipa (<em>Tilia spp.<\/em>) je dugove\u010dno drvo koje se od davnina gaji zbog svojih lekovitih cvetova, prijatnog mirisa i estetskog izgleda. Mo\u017ee dosti\u0107i visinu od 20 do 40 metara i ima gustu, razgranatu kro\u0161nju sa srcolikim listovima. Cveta u kasno prole\u0107e i rano leto, privla\u010de\u0107i p\u010dele svojim mirisnim cvetovima bogatim nektarom. Lipa je poznata po svom medonosnom svojstvu i koristi se u narodnoj medicini za pripremu \u010dajeva koji poma\u017eu kod prehlade, nesanice i stresa. Drvo lipe se \u010desto sadi u parkovima, drvoredima i dvori\u0161tima zbog svoje dekorativne vrednosti i hlada koji pru\u017ea.<\/p>\n","protected":false},"excerpt":{"rendered":"<p><img decoding=\"async\" role=\"img\" class=\"emoji\" src=\"https:\/\/s.w.org\/images\/core\/emoji\/15.0.3\/svg\/2705.svg\" alt=\"\u2705\"> Dugove\u010dno drvo sa gustom kro\u0161njom i srcolikim listovima.<br \/><img decoding=\"async\" role=\"img\" class=\"emoji\" src=\"https:\/\/s.w.org\/images\/core\/emoji\/15.0.3\/svg\/2705.svg\" alt=\"\u2705\"> Cveta u prole\u0107e i leto, privla\u010de\u0107i p\u010dele i druge opra\u0161iva\u010de.<br \/><img decoding=\"async\" role=\"img\" class=\"emoji\" src=\"https:\/\/s.w.org\/images\/core\/emoji\/15.0.3\/svg\/2705.svg\" alt=\"\u2705\"> Poznata po lekovitim svojstvima i koristi se za pripremu \u010dajeva.<br \/><img decoding=\"async\" role=\"img\" class=\"emoji\" src=\"https:\/\/s.w.org\/images\/core\/emoji\/15.0.3\/svg\/2705.svg\" alt=\"\u2705\"> Medonosna biljka \u2013 odli\u010dan izbor za p\u010delare.<br \/><img decoding=\"async\" role=\"img\" class=\"emoji\" src=\"https:\/\/s.w.org\/images\/core\/emoji\/15.0.3\/svg\/2705.svg\" alt=\"\u2705\"> Idealna za sadnju u parkovima, drvoredima i dvori\u0161tima.<\/p>\n","protected":false},"featured_media":4703,"comment_status":"open","ping_status":"closed","template":"","meta":{"om_disable_all_campaigns":false,"_monsterinsights_skip_tracking":false,"_monsterinsights_sitenote_active":false,"_monsterinsights_sitenote_note":"","_monsterinsights_sitenote_category":0},"product_brand":[],"product_cat":[110,118],"product_tag":[],"class_list":{"0":"post-4702","1":"product","2":"type-product","3":"status-publish","4":"has-post-thumbnail","6":"product_cat-lipa","7":"product_cat-sadnice-ukrasnog-drveca","9":"first","10":"instock","11":"shipping-taxable","12":"purchasable","13":"product-type-simple"},"_links":{"self":[{"href":"https:\/\/www.sadniceveljovic.rs\/wp\/wp-json\/wp\/v2\/product\/4702","targetHints":{"allow":["GET"]}}],"collection":[{"href":"https:\/\/www.sadniceveljovic.rs\/wp\/wp-json\/wp\/v2\/product"}],"about":[{"href":"https:\/\/www.sadniceveljovic.rs\/wp\/wp-json\/wp\/v2\/types\/product"}],"replies":[{"embeddable":true,"href":"https:\/\/www.sadniceveljovic.rs\/wp\/wp-json\/wp\/v2\/comments?post=4702"}],"wp:featuredmedia":[{"embeddable":true,"href":"https:\/\/www.sadniceveljovic.rs\/wp\/wp-json\/wp\/v2\/media\/4703"}],"wp:attachment":[{"href":"https:\/\/www.sadniceveljovic.rs\/wp\/wp-json\/wp\/v2\/media?parent=4702"}],"wp:term":[{"taxonomy":"product_brand","embeddable":true,"href":"https:\/\/www.sadniceveljovic.rs\/wp\/wp-json\/wp\/v2\/product_brand?post=4702"},{"taxonomy":"product_cat","embeddable":true,"href":"https:\/\/www.sadniceveljovic.rs\/wp\/wp-json\/wp\/v2\/product_cat?post=4702"},{"taxonomy":"product_tag","embeddable":true,"href":"https:\/\/www.sadniceveljovic.rs\/wp\/wp-json\/wp\/v2\/product_tag?post=4702"}],"curies":[{"name":"wp","href":"https:\/\/api.w.org\/{rel}","templated":true}]}}