{"id":2236,"date":"2023-03-09T10:50:50","date_gmt":"2023-03-09T09:50:50","guid":{"rendered":"https:\/\/www.sadniceveljovic.rs\/wp\/?post_type=product&#038;p=2236"},"modified":"2026-03-01T13:29:45","modified_gmt":"2026-03-01T12:29:45","slug":"ruza-stablasica-big-purple","status":"publish","type":"product","link":"https:\/\/www.sadniceveljovic.rs\/wp\/product\/ruza-stablasica-big-purple\/","title":{"rendered":"Ru\u017ea Stabla\u0161ica &#8211; Big Purple"},"content":{"rendered":"<p>Big Purple je ru\u017ea iz porodice stabla\u0161ice, formira \u017ebun kuglastog oblika od 110 do 140cm.<\/p>\n","protected":false},"excerpt":{"rendered":"<p>Big Purple je ru\u017ea iz porodice stabla\u0161ice, formira \u017ebun kuglastog oblika od 110 do 140cm.<\/p>\n","protected":false},"featured_media":2194,"comment_status":"open","ping_status":"closed","template":"","meta":{"om_disable_all_campaigns":false,"_monsterinsights_skip_tracking":false,"_monsterinsights_sitenote_active":false,"_monsterinsights_sitenote_note":"","_monsterinsights_sitenote_category":0},"product_brand":[],"product_cat":[85,98],"product_tag":[],"class_list":{"0":"post-2236","1":"product","2":"type-product","3":"status-publish","4":"has-post-thumbnail","6":"product_cat-ruze","7":"product_cat-stablasice","9":"first","10":"instock","11":"shipping-taxable","12":"purchasable","13":"product-type-simple"},"_links":{"self":[{"href":"https:\/\/www.sadniceveljovic.rs\/wp\/wp-json\/wp\/v2\/product\/2236","targetHints":{"allow":["GET"]}}],"collection":[{"href":"https:\/\/www.sadniceveljovic.rs\/wp\/wp-json\/wp\/v2\/product"}],"about":[{"href":"https:\/\/www.sadniceveljovic.rs\/wp\/wp-json\/wp\/v2\/types\/product"}],"replies":[{"embeddable":true,"href":"https:\/\/www.sadniceveljovic.rs\/wp\/wp-json\/wp\/v2\/comments?post=2236"}],"wp:featuredmedia":[{"embeddable":true,"href":"https:\/\/www.sadniceveljovic.rs\/wp\/wp-json\/wp\/v2\/media\/2194"}],"wp:attachment":[{"href":"https:\/\/www.sadniceveljovic.rs\/wp\/wp-json\/wp\/v2\/media?parent=2236"}],"wp:term":[{"taxonomy":"product_brand","embeddable":true,"href":"https:\/\/www.sadniceveljovic.rs\/wp\/wp-json\/wp\/v2\/product_brand?post=2236"},{"taxonomy":"product_cat","embeddable":true,"href":"https:\/\/www.sadniceveljovic.rs\/wp\/wp-json\/wp\/v2\/product_cat?post=2236"},{"taxonomy":"product_tag","embeddable":true,"href":"https:\/\/www.sadniceveljovic.rs\/wp\/wp-json\/wp\/v2\/product_tag?post=2236"}],"curies":[{"name":"wp","href":"https:\/\/api.w.org\/{rel}","templated":true}]}}