{"id":2210,"date":"2023-03-08T21:26:19","date_gmt":"2023-03-08T20:26:19","guid":{"rendered":"https:\/\/www.sadniceveljovic.rs\/wp\/?post_type=product&#038;p=2210"},"modified":"2026-03-01T09:48:43","modified_gmt":"2026-03-01T08:48:43","slug":"ruza-stablasica-samba","status":"publish","type":"product","link":"https:\/\/www.sadniceveljovic.rs\/wp\/product\/ruza-stablasica-samba\/","title":{"rendered":"Ru\u017ea Stabla\u0161ica &#8211; Samba"},"content":{"rendered":"<p>Ru\u017ea Samba iz porodice stabla\u0161ica formira \u017ebun kuglastog oblika na visini od 110 do 140cm.<br \/>\nKod sorte ru\u017ee Samba cvetovi su skupljeni u cvasti. Pri otvaranju, cvetovi su zlatno-\u017eute do ble\u0161te\u0107e-crvene boje. Mno\u0161tvo cvetova u svim fazama razvoja predstavlja \u0161arenilo boja.<br \/>\nListovi su sjajno zeleni i zdravi.<\/p>\n","protected":false},"excerpt":{"rendered":"<p>Ru\u017ea Samba iz porodice stabla\u0161ica formira \u017ebun kuglastog oblika na visini od 110 do 140cm. Kod sorte ru\u017ee Samba cvetovi su skupljeni u cvasti. Pri otvaranju, cvetovi su zlatno-\u017eute do ble\u0161te\u0107e-crvene boje. Mno\u0161tvo cvetova u svim fazama razvoja predstavlja \u0161arenilo boja. Listovi su sjajno zeleni i zdravi.<\/p>\n","protected":false},"featured_media":2203,"comment_status":"open","ping_status":"closed","template":"","meta":{"om_disable_all_campaigns":false,"_monsterinsights_skip_tracking":false,"_monsterinsights_sitenote_active":false,"_monsterinsights_sitenote_note":"","_monsterinsights_sitenote_category":0},"product_brand":[],"product_cat":[98],"product_tag":[],"class_list":{"0":"post-2210","1":"product","2":"type-product","3":"status-publish","4":"has-post-thumbnail","6":"product_cat-stablasice","8":"first","9":"instock","10":"shipping-taxable","11":"purchasable","12":"product-type-simple"},"_links":{"self":[{"href":"https:\/\/www.sadniceveljovic.rs\/wp\/wp-json\/wp\/v2\/product\/2210","targetHints":{"allow":["GET"]}}],"collection":[{"href":"https:\/\/www.sadniceveljovic.rs\/wp\/wp-json\/wp\/v2\/product"}],"about":[{"href":"https:\/\/www.sadniceveljovic.rs\/wp\/wp-json\/wp\/v2\/types\/product"}],"replies":[{"embeddable":true,"href":"https:\/\/www.sadniceveljovic.rs\/wp\/wp-json\/wp\/v2\/comments?post=2210"}],"wp:featuredmedia":[{"embeddable":true,"href":"https:\/\/www.sadniceveljovic.rs\/wp\/wp-json\/wp\/v2\/media\/2203"}],"wp:attachment":[{"href":"https:\/\/www.sadniceveljovic.rs\/wp\/wp-json\/wp\/v2\/media?parent=2210"}],"wp:term":[{"taxonomy":"product_brand","embeddable":true,"href":"https:\/\/www.sadniceveljovic.rs\/wp\/wp-json\/wp\/v2\/product_brand?post=2210"},{"taxonomy":"product_cat","embeddable":true,"href":"https:\/\/www.sadniceveljovic.rs\/wp\/wp-json\/wp\/v2\/product_cat?post=2210"},{"taxonomy":"product_tag","embeddable":true,"href":"https:\/\/www.sadniceveljovic.rs\/wp\/wp-json\/wp\/v2\/product_tag?post=2210"}],"curies":[{"name":"wp","href":"https:\/\/api.w.org\/{rel}","templated":true}]}}