{"id":1422,"date":"2023-02-17T09:53:43","date_gmt":"2023-02-17T09:53:43","guid":{"rendered":"http:\/\/www.sadniceveljovic.rs\/wp\/?post_type=product&#038;p=1422"},"modified":"2026-02-26T13:26:43","modified_gmt":"2026-02-26T12:26:43","slug":"tresnja-burlat","status":"publish","type":"product","link":"https:\/\/www.sadniceveljovic.rs\/wp\/product\/tresnja-burlat\/","title":{"rendered":"Tre\u0161nja &#8211; Burlat"},"content":{"rendered":"<p>Vo\u0107ne sadnice tre\u0161nje sorte Burlat poreklom je iz Francuske. Plodovi su krupni okruglasto srcastog oblika, \u010dvrsti, so\u010dni, slatkonakiseli i naizgled jako privla\u010dni. U poslednje vreme se dosta sadi na nasem podnevlju jer je po krupno\u0107i, kvalitetu ploda i visokoj rodnosti jedna od najboljih ranih sorti tre\u0161nje. Odli\u010dna je stona sorta i pogodna je za preradu. Vreme zrenja je druga polovina maja. Tezina ploda je od 6-8 grama i bordo-crvene je boje.Stablo je srednje bujnosti otporno na mraz,su\u0161u a ranim zrenjem izbegava crvljivost. Rano prorodi i radja redovno i obilno, cenjena zbog atraktivnih plodova koji se lako unov\u010davaju. Kao kod ve\u0107ine tre\u0161anja trebaju joj opra\u0161ivaci i to: Lionska rana i Van.<\/p>\n","protected":false},"excerpt":{"rendered":"<p>Vo\u0107ne sadnice tre\u0161nje sorte Burlat poreklom je iz Francuske. Plodovi su krupni okruglasto srcastog oblika, \u010dvrsti, so\u010dni, slatkonakiseli i naizgled jako privla\u010dni. U poslednje vreme se dosta sadi na nasem podnevlju jer je po krupno\u0107i, kvalitetu ploda i visokoj rodnosti jedna od najboljih ranih sorti tre\u0161nje. Odli\u010dna je stona sorta i pogodna je za preradu. Vreme zrenja je druga polovina maja. Tezina ploda je od 6-8 grama i bordo-crvene je boje.Stablo je srednje bujnosti otporno na mraz,su\u0161u a ranim zrenjem izbegava crvljivost. Rano prorodi i radja redovno i obilno, cenjena zbog atraktivnih plodova koji se lako unov\u010davaju. Kao kod ve\u0107ine tre\u0161anja trebaju joj opra\u0161ivaci i to: Lionska rana i Van.<\/p>\n","protected":false},"featured_media":1536,"comment_status":"closed","ping_status":"closed","template":"","meta":{"om_disable_all_campaigns":false,"_monsterinsights_skip_tracking":false,"_monsterinsights_sitenote_active":false,"_monsterinsights_sitenote_note":"","_monsterinsights_sitenote_category":0},"product_brand":[],"product_cat":[73],"product_tag":[],"class_list":{"0":"post-1422","1":"product","2":"type-product","3":"status-publish","4":"has-post-thumbnail","6":"product_cat-tresnja","8":"first","9":"instock","10":"shipping-taxable","11":"purchasable","12":"product-type-variable","13":"has-default-attributes"},"_links":{"self":[{"href":"https:\/\/www.sadniceveljovic.rs\/wp\/wp-json\/wp\/v2\/product\/1422","targetHints":{"allow":["GET"]}}],"collection":[{"href":"https:\/\/www.sadniceveljovic.rs\/wp\/wp-json\/wp\/v2\/product"}],"about":[{"href":"https:\/\/www.sadniceveljovic.rs\/wp\/wp-json\/wp\/v2\/types\/product"}],"replies":[{"embeddable":true,"href":"https:\/\/www.sadniceveljovic.rs\/wp\/wp-json\/wp\/v2\/comments?post=1422"}],"wp:featuredmedia":[{"embeddable":true,"href":"https:\/\/www.sadniceveljovic.rs\/wp\/wp-json\/wp\/v2\/media\/1536"}],"wp:attachment":[{"href":"https:\/\/www.sadniceveljovic.rs\/wp\/wp-json\/wp\/v2\/media?parent=1422"}],"wp:term":[{"taxonomy":"product_brand","embeddable":true,"href":"https:\/\/www.sadniceveljovic.rs\/wp\/wp-json\/wp\/v2\/product_brand?post=1422"},{"taxonomy":"product_cat","embeddable":true,"href":"https:\/\/www.sadniceveljovic.rs\/wp\/wp-json\/wp\/v2\/product_cat?post=1422"},{"taxonomy":"product_tag","embeddable":true,"href":"https:\/\/www.sadniceveljovic.rs\/wp\/wp-json\/wp\/v2\/product_tag?post=1422"}],"curies":[{"name":"wp","href":"https:\/\/api.w.org\/{rel}","templated":true}]}}