{"id":1410,"date":"2023-02-17T09:53:34","date_gmt":"2023-02-17T08:53:34","guid":{"rendered":"http:\/\/www.sadniceveljovic.rs\/wp\/?post_type=product&#038;p=1410"},"modified":"2025-10-20T17:33:03","modified_gmt":"2025-10-20T16:33:03","slug":"sljiva-cacanska-rodna","status":"publish","type":"product","link":"https:\/\/www.sadniceveljovic.rs\/wp\/product\/sljiva-cacanska-rodna\/","title":{"rendered":"\u0160ljiva &#8211; \u010cacanska rodna"},"content":{"rendered":"<p>\u010ca\u010danska rodna je poreklom iz Srbije. Zbog velikog potencijala rodnosti obavezna je jaka rezidba. Cveta srednje rano, istovremeno sa sortama \u010ca\u010danska rana i \u010ca\u010danska lepotica. Samooplodna je sorta. Sorta je izuzetno rodnog potencijala. Plod je sitan do srednje krupan, jajolikog je oblika. Ko\u017eica ploda je tanka, \u010dvrsta, plava. Meso ploda je \u010dvrsto, \u017eute boje, vrlo so\u010dno, slatkokiselog ukusa i aromati\u010dno.Od svih sorti sljiva Cacanska rodna sadrzi najvise secera u sebi i zbog toga je dobra za rakiju,slatko,dzem,pekmez a lepa je i za jelo. Ko\u0161tica je sitna i odvaja se od mesa. Dozreva krajem avgusta i po\u010detkom septembra. Plodovi dobro podnose transport. Dosta je otporna na prole\u0107ne mrazeve.<\/p>\n","protected":false},"excerpt":{"rendered":"<p>\u010ca\u010danska rodna je poreklom iz Srbije. Zbog velikog potencijala rodnosti obavezna je jaka rezidba. Cveta srednje rano, istovremeno sa sortama \u010ca\u010danska rana i \u010ca\u010danska lepotica. Samooplodna je sorta. Sorta je izuzetno rodnog potencijala. Plod je sitan do srednje krupan, jajolikog je oblika. Ko\u017eica ploda je tanka, \u010dvrsta, plava. Meso ploda je \u010dvrsto, \u017eute boje, vrlo so\u010dno, slatkokiselog ukusa i aromati\u010dno.Od svih sorti sljiva Cacanska rodna sadrzi najvise secera u sebi i zbog toga je dobra za rakiju,slatko,dzem,pekmez a lepa je i za jelo. Ko\u0161tica je sitna i odvaja se od mesa. Dozreva krajem avgusta i po\u010detkom septembra. Plodovi dobro podnose transport. Dosta je otporna na prole\u0107ne mrazeve.<\/p>\n","protected":false},"featured_media":1642,"comment_status":"closed","ping_status":"closed","template":"","meta":{"om_disable_all_campaigns":false,"_monsterinsights_skip_tracking":false,"_monsterinsights_sitenote_active":false,"_monsterinsights_sitenote_note":"","_monsterinsights_sitenote_category":0},"product_brand":[],"product_cat":[72],"product_tag":[],"class_list":{"0":"post-1410","1":"product","2":"type-product","3":"status-publish","4":"has-post-thumbnail","6":"product_cat-sljiva","8":"first","9":"instock","10":"shipping-taxable","11":"purchasable","12":"product-type-variable","13":"has-default-attributes"},"_links":{"self":[{"href":"https:\/\/www.sadniceveljovic.rs\/wp\/wp-json\/wp\/v2\/product\/1410","targetHints":{"allow":["GET"]}}],"collection":[{"href":"https:\/\/www.sadniceveljovic.rs\/wp\/wp-json\/wp\/v2\/product"}],"about":[{"href":"https:\/\/www.sadniceveljovic.rs\/wp\/wp-json\/wp\/v2\/types\/product"}],"replies":[{"embeddable":true,"href":"https:\/\/www.sadniceveljovic.rs\/wp\/wp-json\/wp\/v2\/comments?post=1410"}],"wp:featuredmedia":[{"embeddable":true,"href":"https:\/\/www.sadniceveljovic.rs\/wp\/wp-json\/wp\/v2\/media\/1642"}],"wp:attachment":[{"href":"https:\/\/www.sadniceveljovic.rs\/wp\/wp-json\/wp\/v2\/media?parent=1410"}],"wp:term":[{"taxonomy":"product_brand","embeddable":true,"href":"https:\/\/www.sadniceveljovic.rs\/wp\/wp-json\/wp\/v2\/product_brand?post=1410"},{"taxonomy":"product_cat","embeddable":true,"href":"https:\/\/www.sadniceveljovic.rs\/wp\/wp-json\/wp\/v2\/product_cat?post=1410"},{"taxonomy":"product_tag","embeddable":true,"href":"https:\/\/www.sadniceveljovic.rs\/wp\/wp-json\/wp\/v2\/product_tag?post=1410"}],"curies":[{"name":"wp","href":"https:\/\/api.w.org\/{rel}","templated":true}]}}