{"id":1406,"date":"2023-02-17T09:53:34","date_gmt":"2023-02-17T09:53:34","guid":{"rendered":"http:\/\/www.sadniceveljovic.rs\/wp\/?post_type=product&#038;p=1406"},"modified":"2026-02-05T21:00:42","modified_gmt":"2026-02-05T20:00:42","slug":"stubasto-voce-visnja","status":"publish","type":"product","link":"https:\/\/www.sadniceveljovic.rs\/wp\/product\/stubasto-voce-visnja\/","title":{"rendered":"Stubasto vo\u0107e &#8211; Vi\u0161nja"},"content":{"rendered":"<p>Vo\u0107ne sadnice stubaste vi\u0161nje sazrevaju u julu. Plodovi su tamno crvene boje, so\u010dnog ukusa, srednje veli\u010dine i radjaju redovno. Vo\u0107ne sadnice se mogu saditi na me\u0111usobnom rastojanju od 0,5-1m i rednom razmaku od tri metara. Sadnice vo\u0107a uspe\u0161no se gaje kako na otvorenim poljima tako i u saksijama. Stablo raste pravo sa vrlo malim bo\u010dnim gran\u010dicama. <\/p>\n","protected":false},"excerpt":{"rendered":"<p>opis<\/p>\n","protected":false},"featured_media":2083,"comment_status":"closed","ping_status":"closed","template":"","meta":{"om_disable_all_campaigns":false,"_monsterinsights_skip_tracking":false,"_monsterinsights_sitenote_active":false,"_monsterinsights_sitenote_note":"","_monsterinsights_sitenote_category":0},"product_brand":[],"product_cat":[71],"product_tag":[],"class_list":{"0":"post-1406","1":"product","2":"type-product","3":"status-publish","4":"has-post-thumbnail","6":"product_cat-stubasto-voce","8":"first","9":"instock","10":"shipping-taxable","11":"purchasable","12":"product-type-variable","13":"has-default-attributes"},"_links":{"self":[{"href":"https:\/\/www.sadniceveljovic.rs\/wp\/wp-json\/wp\/v2\/product\/1406","targetHints":{"allow":["GET"]}}],"collection":[{"href":"https:\/\/www.sadniceveljovic.rs\/wp\/wp-json\/wp\/v2\/product"}],"about":[{"href":"https:\/\/www.sadniceveljovic.rs\/wp\/wp-json\/wp\/v2\/types\/product"}],"replies":[{"embeddable":true,"href":"https:\/\/www.sadniceveljovic.rs\/wp\/wp-json\/wp\/v2\/comments?post=1406"}],"wp:featuredmedia":[{"embeddable":true,"href":"https:\/\/www.sadniceveljovic.rs\/wp\/wp-json\/wp\/v2\/media\/2083"}],"wp:attachment":[{"href":"https:\/\/www.sadniceveljovic.rs\/wp\/wp-json\/wp\/v2\/media?parent=1406"}],"wp:term":[{"taxonomy":"product_brand","embeddable":true,"href":"https:\/\/www.sadniceveljovic.rs\/wp\/wp-json\/wp\/v2\/product_brand?post=1406"},{"taxonomy":"product_cat","embeddable":true,"href":"https:\/\/www.sadniceveljovic.rs\/wp\/wp-json\/wp\/v2\/product_cat?post=1406"},{"taxonomy":"product_tag","embeddable":true,"href":"https:\/\/www.sadniceveljovic.rs\/wp\/wp-json\/wp\/v2\/product_tag?post=1406"}],"curies":[{"name":"wp","href":"https:\/\/api.w.org\/{rel}","templated":true}]}}