{"id":1396,"date":"2023-02-17T09:53:33","date_gmt":"2023-02-17T09:53:33","guid":{"rendered":"http:\/\/www.sadniceveljovic.rs\/wp\/?post_type=product&#038;p=1396"},"modified":"2023-03-08T08:45:06","modified_gmt":"2023-03-08T07:45:06","slug":"orah-gazenhajm-139","status":"publish","type":"product","link":"https:\/\/www.sadniceveljovic.rs\/wp\/product\/orah-gazenhajm-139\/","title":{"rendered":"Orah &#8211; Gazenhajm 139"},"content":{"rendered":"<p>Vo\u0107ne sadnice oraha, sorte \u201dGazenhajmski 139\u201d je poreklom iz Nema\u010dke. Drvo je srednje bujno i rodno. Plod je srednje krupan do krupan, \u0161irokog ovalnog oblika, ljuska je vrlo glatka, svetla, lepog izgleda. Jezgro je dobrog ukusa, \u017eu\u0107kaste boje. Zbog dobre otpornosti na mraz mo\u017ee se uspe\u0161no uzgajati i u hladnijim predelima.<\/p>\n","protected":false},"excerpt":{"rendered":"<p>opis<\/p>\n","protected":false},"featured_media":2097,"comment_status":"closed","ping_status":"closed","template":"","meta":{"om_disable_all_campaigns":false,"_monsterinsights_skip_tracking":false,"_monsterinsights_sitenote_active":false,"_monsterinsights_sitenote_note":"","_monsterinsights_sitenote_category":0},"product_brand":[],"product_cat":[67],"product_tag":[],"class_list":{"0":"post-1396","1":"product","2":"type-product","3":"status-publish","4":"has-post-thumbnail","6":"product_cat-orah","8":"first","9":"instock","10":"shipping-taxable","11":"purchasable","12":"product-type-simple"},"_links":{"self":[{"href":"https:\/\/www.sadniceveljovic.rs\/wp\/wp-json\/wp\/v2\/product\/1396","targetHints":{"allow":["GET"]}}],"collection":[{"href":"https:\/\/www.sadniceveljovic.rs\/wp\/wp-json\/wp\/v2\/product"}],"about":[{"href":"https:\/\/www.sadniceveljovic.rs\/wp\/wp-json\/wp\/v2\/types\/product"}],"replies":[{"embeddable":true,"href":"https:\/\/www.sadniceveljovic.rs\/wp\/wp-json\/wp\/v2\/comments?post=1396"}],"wp:featuredmedia":[{"embeddable":true,"href":"https:\/\/www.sadniceveljovic.rs\/wp\/wp-json\/wp\/v2\/media\/2097"}],"wp:attachment":[{"href":"https:\/\/www.sadniceveljovic.rs\/wp\/wp-json\/wp\/v2\/media?parent=1396"}],"wp:term":[{"taxonomy":"product_brand","embeddable":true,"href":"https:\/\/www.sadniceveljovic.rs\/wp\/wp-json\/wp\/v2\/product_brand?post=1396"},{"taxonomy":"product_cat","embeddable":true,"href":"https:\/\/www.sadniceveljovic.rs\/wp\/wp-json\/wp\/v2\/product_cat?post=1396"},{"taxonomy":"product_tag","embeddable":true,"href":"https:\/\/www.sadniceveljovic.rs\/wp\/wp-json\/wp\/v2\/product_tag?post=1396"}],"curies":[{"name":"wp","href":"https:\/\/api.w.org\/{rel}","templated":true}]}}