{"id":1393,"date":"2023-02-17T09:53:33","date_gmt":"2023-02-17T09:53:33","guid":{"rendered":"http:\/\/www.sadniceveljovic.rs\/wp\/?post_type=product&#038;p=1393"},"modified":"2023-03-07T20:29:35","modified_gmt":"2023-03-07T19:29:35","slug":"orah-tisa","status":"publish","type":"product","link":"https:\/\/www.sadniceveljovic.rs\/wp\/product\/orah-tisa\/","title":{"rendered":"Orah &#8211; Tisa"},"content":{"rendered":"<p>Plod sorte Tisa je veoma krupan, a masa mu je oko 15 grama. Okruglastog oblika je a ljuska je tanka i jezgro je ne ispunjava najbolje. Radman je oko 51 %. Jezgro nije dovoljno svetlo pa se to smatra kao nedostatak sorte. Drvo je bujno sa vegetacijom. Krece priblizno kretanju sorte Sampion. Po\u010dinje da resa oko 5 juna. Ra\u0111a u grozdovima koji mogu imati 7-8 plodova i osetljiva je na kasne prole\u0107ne mrazeve pa se preporu\u010duje za gajenje u toplijim oblastima. Dobro ra\u0111a. Izrazena homogamija. Retko se sadi u nasim ve\u0107im zasadima.<\/p>\n","protected":false},"excerpt":{"rendered":"<p>opis<\/p>\n","protected":false},"featured_media":2088,"comment_status":"closed","ping_status":"closed","template":"","meta":{"om_disable_all_campaigns":false,"_monsterinsights_skip_tracking":false,"_monsterinsights_sitenote_active":false,"_monsterinsights_sitenote_note":"","_monsterinsights_sitenote_category":0},"product_brand":[],"product_cat":[67],"product_tag":[],"class_list":{"0":"post-1393","1":"product","2":"type-product","3":"status-publish","4":"has-post-thumbnail","6":"product_cat-orah","8":"first","9":"instock","10":"shipping-taxable","11":"purchasable","12":"product-type-simple"},"_links":{"self":[{"href":"https:\/\/www.sadniceveljovic.rs\/wp\/wp-json\/wp\/v2\/product\/1393","targetHints":{"allow":["GET"]}}],"collection":[{"href":"https:\/\/www.sadniceveljovic.rs\/wp\/wp-json\/wp\/v2\/product"}],"about":[{"href":"https:\/\/www.sadniceveljovic.rs\/wp\/wp-json\/wp\/v2\/types\/product"}],"replies":[{"embeddable":true,"href":"https:\/\/www.sadniceveljovic.rs\/wp\/wp-json\/wp\/v2\/comments?post=1393"}],"wp:featuredmedia":[{"embeddable":true,"href":"https:\/\/www.sadniceveljovic.rs\/wp\/wp-json\/wp\/v2\/media\/2088"}],"wp:attachment":[{"href":"https:\/\/www.sadniceveljovic.rs\/wp\/wp-json\/wp\/v2\/media?parent=1393"}],"wp:term":[{"taxonomy":"product_brand","embeddable":true,"href":"https:\/\/www.sadniceveljovic.rs\/wp\/wp-json\/wp\/v2\/product_brand?post=1393"},{"taxonomy":"product_cat","embeddable":true,"href":"https:\/\/www.sadniceveljovic.rs\/wp\/wp-json\/wp\/v2\/product_cat?post=1393"},{"taxonomy":"product_tag","embeddable":true,"href":"https:\/\/www.sadniceveljovic.rs\/wp\/wp-json\/wp\/v2\/product_tag?post=1393"}],"curies":[{"name":"wp","href":"https:\/\/api.w.org\/{rel}","templated":true}]}}