{"id":1362,"date":"2023-02-17T09:53:22","date_gmt":"2023-02-17T09:53:22","guid":{"rendered":"http:\/\/www.sadniceveljovic.rs\/wp\/?post_type=product&#038;p=1362"},"modified":"2023-02-27T13:34:52","modified_gmt":"2023-02-27T12:34:52","slug":"kupina-loh-nes-bez-trnja","status":"publish","type":"product","link":"https:\/\/www.sadniceveljovic.rs\/wp\/product\/kupina-loh-nes-bez-trnja\/","title":{"rendered":"Kupina &#8211; Loh nes (bez trnja)"},"content":{"rendered":"<p>Veoma produktivna sorta koja daje krupne tamno crne plodove, koji su \u010dvrsti i dobrog ukusa. Samoplodna je i nema bodlje. Nije zahtevna po pitanju zemlji\u0161ta. Bere se od po\u010detka jula do kraja septembra, ra\u0111a obilno.<\/p>\n","protected":false},"excerpt":{"rendered":"<p>Veoma produktivna sorta koja daje krupne tamno crne plodove, koji su \u010dvrsti i dobrog ukusa. Samoplodna je i nema bodlje. Nije zahtevna po pitanju zemlji\u0161ta. Bere se od po\u010detka jula do kraja septembra, ra\u0111a obilno.<\/p>\n","protected":false},"featured_media":1613,"comment_status":"closed","ping_status":"closed","template":"","meta":{"om_disable_all_campaigns":false,"_monsterinsights_skip_tracking":false,"_monsterinsights_sitenote_active":false,"_monsterinsights_sitenote_note":"","_monsterinsights_sitenote_category":0},"product_brand":[],"product_cat":[58],"product_tag":[],"class_list":{"0":"post-1362","1":"product","2":"type-product","3":"status-publish","4":"has-post-thumbnail","6":"product_cat-kupina","8":"first","9":"instock","10":"shipping-taxable","11":"purchasable","12":"product-type-simple"},"_links":{"self":[{"href":"https:\/\/www.sadniceveljovic.rs\/wp\/wp-json\/wp\/v2\/product\/1362","targetHints":{"allow":["GET"]}}],"collection":[{"href":"https:\/\/www.sadniceveljovic.rs\/wp\/wp-json\/wp\/v2\/product"}],"about":[{"href":"https:\/\/www.sadniceveljovic.rs\/wp\/wp-json\/wp\/v2\/types\/product"}],"replies":[{"embeddable":true,"href":"https:\/\/www.sadniceveljovic.rs\/wp\/wp-json\/wp\/v2\/comments?post=1362"}],"wp:featuredmedia":[{"embeddable":true,"href":"https:\/\/www.sadniceveljovic.rs\/wp\/wp-json\/wp\/v2\/media\/1613"}],"wp:attachment":[{"href":"https:\/\/www.sadniceveljovic.rs\/wp\/wp-json\/wp\/v2\/media?parent=1362"}],"wp:term":[{"taxonomy":"product_brand","embeddable":true,"href":"https:\/\/www.sadniceveljovic.rs\/wp\/wp-json\/wp\/v2\/product_brand?post=1362"},{"taxonomy":"product_cat","embeddable":true,"href":"https:\/\/www.sadniceveljovic.rs\/wp\/wp-json\/wp\/v2\/product_cat?post=1362"},{"taxonomy":"product_tag","embeddable":true,"href":"https:\/\/www.sadniceveljovic.rs\/wp\/wp-json\/wp\/v2\/product_tag?post=1362"}],"curies":[{"name":"wp","href":"https:\/\/api.w.org\/{rel}","templated":true}]}}