{"id":1361,"date":"2023-02-17T09:53:22","date_gmt":"2023-02-17T09:53:22","guid":{"rendered":"http:\/\/www.sadniceveljovic.rs\/wp\/?post_type=product&#038;p=1361"},"modified":"2023-02-27T13:32:53","modified_gmt":"2023-02-27T12:32:53","slug":"kupina-cacanska-bestrna","status":"publish","type":"product","link":"https:\/\/www.sadniceveljovic.rs\/wp\/product\/kupina-cacanska-bestrna\/","title":{"rendered":"Kupina &#8211; \u010ca\u010danska bestrna"},"content":{"rendered":"<p>Najpoznatija i naj\u010de\u0161\u0107e gajena sorta kupine je \u010ca\u010danska bestrna kupina. Nastala je na institutu za vo\u0107arstvo u \u010ca\u010dku tako da je u potpunosti prilago\u0111ena gajenju u na\u0161im uslovima sredine. Vrlo brzo nakon plasiranja je postala omiljena sorta za uzgoj u planta\u017ene svrhe u \u010ditavom regionu. Glavna odlika \u010ca\u010danske kupine su grane bez trnja \u0161to u mnogome olak\u0161ava samu berbu plodova. Izuzetno je rodna sorta \u010dak 28t\/ha.<\/p>\n","protected":false},"excerpt":{"rendered":"<p>Najpoznatija i naj\u010de\u0161\u0107e gajena sorta kupine je \u010ca\u010danska bestrna kupina. Nastala je na institutu za vo\u0107arstvo u \u010ca\u010dku tako da je u potpunosti prilago\u0111ena gajenju u na\u0161im uslovima sredine. Vrlo brzo nakon plasiranja je postala omiljena sorta za uzgoj u planta\u017ene svrhe u \u010ditavom regionu. Glavna odlika \u010ca\u010danske kupine su grane bez trnja \u0161to u mnogome olak\u0161ava samu berbu plodova. Izuzetno je rodna sorta \u010dak 28t\/ha.<\/p>\n","protected":false},"featured_media":1612,"comment_status":"closed","ping_status":"closed","template":"","meta":{"om_disable_all_campaigns":false,"_monsterinsights_skip_tracking":false,"_monsterinsights_sitenote_active":false,"_monsterinsights_sitenote_note":"","_monsterinsights_sitenote_category":0},"product_brand":[],"product_cat":[58],"product_tag":[],"class_list":{"0":"post-1361","1":"product","2":"type-product","3":"status-publish","4":"has-post-thumbnail","6":"product_cat-kupina","8":"first","9":"instock","10":"shipping-taxable","11":"purchasable","12":"product-type-simple"},"_links":{"self":[{"href":"https:\/\/www.sadniceveljovic.rs\/wp\/wp-json\/wp\/v2\/product\/1361","targetHints":{"allow":["GET"]}}],"collection":[{"href":"https:\/\/www.sadniceveljovic.rs\/wp\/wp-json\/wp\/v2\/product"}],"about":[{"href":"https:\/\/www.sadniceveljovic.rs\/wp\/wp-json\/wp\/v2\/types\/product"}],"replies":[{"embeddable":true,"href":"https:\/\/www.sadniceveljovic.rs\/wp\/wp-json\/wp\/v2\/comments?post=1361"}],"wp:featuredmedia":[{"embeddable":true,"href":"https:\/\/www.sadniceveljovic.rs\/wp\/wp-json\/wp\/v2\/media\/1612"}],"wp:attachment":[{"href":"https:\/\/www.sadniceveljovic.rs\/wp\/wp-json\/wp\/v2\/media?parent=1361"}],"wp:term":[{"taxonomy":"product_brand","embeddable":true,"href":"https:\/\/www.sadniceveljovic.rs\/wp\/wp-json\/wp\/v2\/product_brand?post=1361"},{"taxonomy":"product_cat","embeddable":true,"href":"https:\/\/www.sadniceveljovic.rs\/wp\/wp-json\/wp\/v2\/product_cat?post=1361"},{"taxonomy":"product_tag","embeddable":true,"href":"https:\/\/www.sadniceveljovic.rs\/wp\/wp-json\/wp\/v2\/product_tag?post=1361"}],"curies":[{"name":"wp","href":"https:\/\/api.w.org\/{rel}","templated":true}]}}