{"id":1359,"date":"2023-02-17T09:53:22","date_gmt":"2023-02-17T09:53:22","guid":{"rendered":"http:\/\/www.sadniceveljovic.rs\/wp\/?post_type=product&#038;p=1359"},"modified":"2025-10-21T16:05:49","modified_gmt":"2025-10-21T15:05:49","slug":"kruska-japanska-kruska","status":"publish","type":"product","link":"https:\/\/www.sadniceveljovic.rs\/wp\/product\/kruska-japanska-kruska\/","title":{"rendered":"Kru\u0161ka &#8211; Japanska kru\u0161ka"},"content":{"rendered":"<p>Plod japanske kru\u0161ke je veoma ukusan. Stablo podse\u0107a na kru\u0161ku, dok plod vi\u0161e li\u010di na jabuku.<br \/>\nDobro podnosi orezivanje i mo\u017ee se formirati i kao stubasta vo\u0107ka.<br \/>\nMo\u017ee se gajiti u posudi ili u dvori\u0161tu, vo\u0107njaku. U pitanju je stara sorta vo\u0107a, koja poreklom dolazi sa dalekog istoka Azije i tamo je autohtona vrsta. Odli\u010dno uspva kod nas, kada sazri veoma je slatka i ukusna. Apsolutno nije varijacija ukr\u0161tanja izme\u0111u jabuke i kru\u0161ke. Ono \u0161to je specifi\u010dno za nju veoma je rodna i otporna, NEMA POTREBE ZA PRSKANJEM, odli\u010dna je za organski uzgoj. Originalan naziv je \u201cKumoi\u201c. Sadi se na jesen ili prole\u0107e.<\/p>\n","protected":false},"excerpt":{"rendered":"<p>Plod japanske kru\u0161ke je veoma ukusan. Stablo podse\u0107a na kru\u0161ku, dok plod vi\u0161e li\u010di na jabuku.<br \/>\nDobro podnosi orezivanje i mo\u017ee se formirati i kao stubasta vo\u0107ka.<br \/>\nMo\u017ee se gajiti u posudi ili u dvori\u0161tu, vo\u0107njaku. U pitanju je stara sorta vo\u0107a, koja poreklom dolazi sa dalekog istoka Azije i tamo je autohtona vrsta. Odli\u010dno uspva kod nas, kada sazri veoma je slatka i ukusna. Apsolutno nije varijacija ukr\u0161tanja izme\u0111u jabuke i kru\u0161ke. Ono \u0161to je specifi\u010dno za nju veoma je rodna i otporna, NEMA POTREBE ZA PRSKANJEM, odli\u010dna je za organski uzgoj. Originalan naziv je \u201cKumoi\u201c. Sadi se na jesen ili prole\u0107e.<\/p>\n","protected":false},"featured_media":1588,"comment_status":"closed","ping_status":"closed","template":"","meta":{"om_disable_all_campaigns":false,"_monsterinsights_skip_tracking":false,"_monsterinsights_sitenote_active":false,"_monsterinsights_sitenote_note":"","_monsterinsights_sitenote_category":0},"product_brand":[],"product_cat":[57],"product_tag":[],"class_list":{"0":"post-1359","1":"product","2":"type-product","3":"status-publish","4":"has-post-thumbnail","6":"product_cat-kruska","8":"first","9":"instock","10":"shipping-taxable","11":"purchasable","12":"product-type-variable","13":"has-default-attributes"},"_links":{"self":[{"href":"https:\/\/www.sadniceveljovic.rs\/wp\/wp-json\/wp\/v2\/product\/1359","targetHints":{"allow":["GET"]}}],"collection":[{"href":"https:\/\/www.sadniceveljovic.rs\/wp\/wp-json\/wp\/v2\/product"}],"about":[{"href":"https:\/\/www.sadniceveljovic.rs\/wp\/wp-json\/wp\/v2\/types\/product"}],"replies":[{"embeddable":true,"href":"https:\/\/www.sadniceveljovic.rs\/wp\/wp-json\/wp\/v2\/comments?post=1359"}],"wp:featuredmedia":[{"embeddable":true,"href":"https:\/\/www.sadniceveljovic.rs\/wp\/wp-json\/wp\/v2\/media\/1588"}],"wp:attachment":[{"href":"https:\/\/www.sadniceveljovic.rs\/wp\/wp-json\/wp\/v2\/media?parent=1359"}],"wp:term":[{"taxonomy":"product_brand","embeddable":true,"href":"https:\/\/www.sadniceveljovic.rs\/wp\/wp-json\/wp\/v2\/product_brand?post=1359"},{"taxonomy":"product_cat","embeddable":true,"href":"https:\/\/www.sadniceveljovic.rs\/wp\/wp-json\/wp\/v2\/product_cat?post=1359"},{"taxonomy":"product_tag","embeddable":true,"href":"https:\/\/www.sadniceveljovic.rs\/wp\/wp-json\/wp\/v2\/product_tag?post=1359"}],"curies":[{"name":"wp","href":"https:\/\/api.w.org\/{rel}","templated":true}]}}