{"id":1348,"date":"2023-02-17T09:53:14","date_gmt":"2023-02-17T09:53:14","guid":{"rendered":"http:\/\/www.sadniceveljovic.rs\/wp\/?post_type=product&#038;p=1348"},"modified":"2025-10-21T16:08:43","modified_gmt":"2025-10-21T15:08:43","slug":"kruska-abata-fetel","status":"publish","type":"product","link":"https:\/\/www.sadniceveljovic.rs\/wp\/product\/kruska-abata-fetel\/","title":{"rendered":"Kru\u0161ka &#8211; Abata fetel"},"content":{"rendered":"<p>Re\u010d je o sorti kru\u0161aka koja rano prorodi. Iako je prisutna u zasadima kru\u0161aka u \u010ditavoj biv\u0161oj Jugoslaviji, vi\u0161e zasada je pod Viljamovkom i Santa Marijom, \u0161to i nije dobro jer je cena Fetela vi\u0161a od navedenih sorti, a mo\u017ee dugo i da se \u010duva u hladnja\u010dama. Spada u kasne jesenje sorte. Sti\u017ee za berbu oko 30 dana nakon Viljamovke, krajem septembra. Ra\u0111a vrlo krupnim plodovima te\u017eine 250 do 320 g. Plodovi su specifi\u010dnog, jako izdu\u017eenog kru\u0161kolikog oblika. Meso je \u017eu\u0107kasto-belo, srednje fine teksture s malo sitnih sklerenhimskih stanica. Plod je so\u010dan i blago slatkast, srednje izra\u017eene arome i blagog mirisa. Osnovna boja u vreme berbe je svetlo-zelena.<\/p>\n","protected":false},"excerpt":{"rendered":"<p>Re\u010d je o sorti kru\u0161aka koja rano prorodi. Iako je prisutna u zasadima kru\u0161aka u \u010ditavoj biv\u0161oj Jugoslaviji, vi\u0161e zasada je pod Viljamovkom i Santa Marijom, \u0161to i nije dobro jer je cena Fetela vi\u0161a od navedenih sorti, a mo\u017ee dugo i da se \u010duva u hladnja\u010dama. Spada u kasne jesenje sorte. Sti\u017ee za berbu oko 30 dana nakon Viljamovke, krajem septembra. Ra\u0111a vrlo krupnim plodovima te\u017eine 250 do 320 g. Plodovi su specifi\u010dnog, jako izdu\u017eenog kru\u0161kolikog oblika. Meso je \u017eu\u0107kasto-belo, srednje fine teksture s malo sitnih sklerenhimskih stanica. Plod je so\u010dan i blago slatkast, srednje izra\u017eene arome i blagog mirisa. Osnovna boja u vreme berbe je svetlo-zelena.<\/p>\n","protected":false},"featured_media":1592,"comment_status":"closed","ping_status":"closed","template":"","meta":{"om_disable_all_campaigns":false,"_monsterinsights_skip_tracking":false,"_monsterinsights_sitenote_active":false,"_monsterinsights_sitenote_note":"","_monsterinsights_sitenote_category":0},"product_brand":[],"product_cat":[57],"product_tag":[],"class_list":{"0":"post-1348","1":"product","2":"type-product","3":"status-publish","4":"has-post-thumbnail","6":"product_cat-kruska","8":"first","9":"instock","10":"shipping-taxable","11":"purchasable","12":"product-type-variable","13":"has-default-attributes"},"_links":{"self":[{"href":"https:\/\/www.sadniceveljovic.rs\/wp\/wp-json\/wp\/v2\/product\/1348","targetHints":{"allow":["GET"]}}],"collection":[{"href":"https:\/\/www.sadniceveljovic.rs\/wp\/wp-json\/wp\/v2\/product"}],"about":[{"href":"https:\/\/www.sadniceveljovic.rs\/wp\/wp-json\/wp\/v2\/types\/product"}],"replies":[{"embeddable":true,"href":"https:\/\/www.sadniceveljovic.rs\/wp\/wp-json\/wp\/v2\/comments?post=1348"}],"wp:featuredmedia":[{"embeddable":true,"href":"https:\/\/www.sadniceveljovic.rs\/wp\/wp-json\/wp\/v2\/media\/1592"}],"wp:attachment":[{"href":"https:\/\/www.sadniceveljovic.rs\/wp\/wp-json\/wp\/v2\/media?parent=1348"}],"wp:term":[{"taxonomy":"product_brand","embeddable":true,"href":"https:\/\/www.sadniceveljovic.rs\/wp\/wp-json\/wp\/v2\/product_brand?post=1348"},{"taxonomy":"product_cat","embeddable":true,"href":"https:\/\/www.sadniceveljovic.rs\/wp\/wp-json\/wp\/v2\/product_cat?post=1348"},{"taxonomy":"product_tag","embeddable":true,"href":"https:\/\/www.sadniceveljovic.rs\/wp\/wp-json\/wp\/v2\/product_tag?post=1348"}],"curies":[{"name":"wp","href":"https:\/\/api.w.org\/{rel}","templated":true}]}}