{"id":1346,"date":"2023-02-17T09:53:14","date_gmt":"2023-02-17T09:53:14","guid":{"rendered":"http:\/\/www.sadniceveljovic.rs\/wp\/?post_type=product&#038;p=1346"},"modified":"2025-10-21T16:07:07","modified_gmt":"2025-10-21T15:07:07","slug":"kruska-kaluderka","status":"publish","type":"product","link":"https:\/\/www.sadniceveljovic.rs\/wp\/product\/kruska-kaluderka\/","title":{"rendered":"Kru\u0161ka &#8211; Kalu\u0111erka"},"content":{"rendered":"<p>Veoma stara sorta, koja je zastupljena kod nas. Ima jako krupne plodove, \u010dak do 200 gr, slatka je i miri\u0161ljava, odli\u010dna za zimsko \u010duvanje. U pitanju je dosta kasna sorta, kada sazri bude \u017eu\u0107kasta. Najbolje je staviti u gajbu sa slamom tako je mo\u017eete \u010duvati tokom cele zime, u hladnoj prostoriji.<\/p>\n","protected":false},"excerpt":{"rendered":"<p>Veoma stara sorta, koja je zastupljena kod nas. Ima jako krupne plodove, \u010dak do 200 gr, slatka je i miri\u0161ljava, odli\u010dna za zimsko \u010duvanje. U pitanju je dosta kasna sorta, kada sazri bude \u017eu\u0107kasta. Najbolje je staviti u gajbu sa slamom tako je mo\u017eete \u010duvati tokom cele zime, u hladnoj prostoriji.<\/p>\n","protected":false},"featured_media":1589,"comment_status":"closed","ping_status":"closed","template":"","meta":{"om_disable_all_campaigns":false,"_monsterinsights_skip_tracking":false,"_monsterinsights_sitenote_active":false,"_monsterinsights_sitenote_note":"","_monsterinsights_sitenote_category":0},"product_brand":[],"product_cat":[57],"product_tag":[],"class_list":{"0":"post-1346","1":"product","2":"type-product","3":"status-publish","4":"has-post-thumbnail","6":"product_cat-kruska","8":"first","9":"instock","10":"shipping-taxable","11":"purchasable","12":"product-type-variable","13":"has-default-attributes"},"_links":{"self":[{"href":"https:\/\/www.sadniceveljovic.rs\/wp\/wp-json\/wp\/v2\/product\/1346","targetHints":{"allow":["GET"]}}],"collection":[{"href":"https:\/\/www.sadniceveljovic.rs\/wp\/wp-json\/wp\/v2\/product"}],"about":[{"href":"https:\/\/www.sadniceveljovic.rs\/wp\/wp-json\/wp\/v2\/types\/product"}],"replies":[{"embeddable":true,"href":"https:\/\/www.sadniceveljovic.rs\/wp\/wp-json\/wp\/v2\/comments?post=1346"}],"wp:featuredmedia":[{"embeddable":true,"href":"https:\/\/www.sadniceveljovic.rs\/wp\/wp-json\/wp\/v2\/media\/1589"}],"wp:attachment":[{"href":"https:\/\/www.sadniceveljovic.rs\/wp\/wp-json\/wp\/v2\/media?parent=1346"}],"wp:term":[{"taxonomy":"product_brand","embeddable":true,"href":"https:\/\/www.sadniceveljovic.rs\/wp\/wp-json\/wp\/v2\/product_brand?post=1346"},{"taxonomy":"product_cat","embeddable":true,"href":"https:\/\/www.sadniceveljovic.rs\/wp\/wp-json\/wp\/v2\/product_cat?post=1346"},{"taxonomy":"product_tag","embeddable":true,"href":"https:\/\/www.sadniceveljovic.rs\/wp\/wp-json\/wp\/v2\/product_tag?post=1346"}],"curies":[{"name":"wp","href":"https:\/\/api.w.org\/{rel}","templated":true}]}}