{"id":1345,"date":"2023-02-17T09:53:13","date_gmt":"2023-02-17T09:53:13","guid":{"rendered":"http:\/\/www.sadniceveljovic.rs\/wp\/?post_type=product&#038;p=1345"},"modified":"2025-10-21T16:16:43","modified_gmt":"2025-10-21T15:16:43","slug":"kruska-viljemovka","status":"publish","type":"product","link":"https:\/\/www.sadniceveljovic.rs\/wp\/product\/kruska-viljemovka\/","title":{"rendered":"Kru\u0161ka &#8211; Viljemovka"},"content":{"rendered":"<p>Viljamovka je jedna od najpoznatijih i najkvalitetnijih sorti kru\u0161ke. Starija je sorta, poreklom iz Velike Britanije. Viljamovka sazreva u drugoj polovini avgusta.  Plodovi su vrlo krupni do 230g. Meso je sitno zrnaste i vrlo fine teksture, \u017eu\u0107kasto bele boje, slatko, so\u010dno. Punog je ukusa sa specifi\u010dno prepoznatljivom, prili\u010dno jako izra\u017eenom mukatnom aromom i mirisom. Prakti\u010dno se mo\u017ee re\u0107i da ljudi poistove\u0107uju ukus kru\u0161ke sa ukusom viljamovke.<\/p>\n","protected":false},"excerpt":{"rendered":"<p>Viljamovka je jedna od najpoznatijih i najkvalitetnijih sorti kru\u0161ke. Starija je sorta, poreklom iz Velike Britanije. Viljamovka sazreva u drugoj polovini avgusta.  Plodovi su vrlo krupni do 230g. Meso je sitno zrnaste i vrlo fine teksture, \u017eu\u0107kasto bele boje, slatko, so\u010dno. Punog je ukusa sa specifi\u010dno prepoznatljivom, prili\u010dno jako izra\u017eenom mukatnom aromom i mirisom. Prakti\u010dno se mo\u017ee re\u0107i da ljudi poistove\u0107uju ukus kru\u0161ke sa ukusom viljamovke.<\/p>\n","protected":false},"featured_media":1608,"comment_status":"closed","ping_status":"closed","template":"","meta":{"om_disable_all_campaigns":false,"_monsterinsights_skip_tracking":false,"_monsterinsights_sitenote_active":false,"_monsterinsights_sitenote_note":"","_monsterinsights_sitenote_category":0},"product_brand":[],"product_cat":[57],"product_tag":[],"class_list":{"0":"post-1345","1":"product","2":"type-product","3":"status-publish","4":"has-post-thumbnail","6":"product_cat-kruska","8":"first","9":"instock","10":"shipping-taxable","11":"purchasable","12":"product-type-variable","13":"has-default-attributes"},"_links":{"self":[{"href":"https:\/\/www.sadniceveljovic.rs\/wp\/wp-json\/wp\/v2\/product\/1345","targetHints":{"allow":["GET"]}}],"collection":[{"href":"https:\/\/www.sadniceveljovic.rs\/wp\/wp-json\/wp\/v2\/product"}],"about":[{"href":"https:\/\/www.sadniceveljovic.rs\/wp\/wp-json\/wp\/v2\/types\/product"}],"replies":[{"embeddable":true,"href":"https:\/\/www.sadniceveljovic.rs\/wp\/wp-json\/wp\/v2\/comments?post=1345"}],"wp:featuredmedia":[{"embeddable":true,"href":"https:\/\/www.sadniceveljovic.rs\/wp\/wp-json\/wp\/v2\/media\/1608"}],"wp:attachment":[{"href":"https:\/\/www.sadniceveljovic.rs\/wp\/wp-json\/wp\/v2\/media?parent=1345"}],"wp:term":[{"taxonomy":"product_brand","embeddable":true,"href":"https:\/\/www.sadniceveljovic.rs\/wp\/wp-json\/wp\/v2\/product_brand?post=1345"},{"taxonomy":"product_cat","embeddable":true,"href":"https:\/\/www.sadniceveljovic.rs\/wp\/wp-json\/wp\/v2\/product_cat?post=1345"},{"taxonomy":"product_tag","embeddable":true,"href":"https:\/\/www.sadniceveljovic.rs\/wp\/wp-json\/wp\/v2\/product_tag?post=1345"}],"curies":[{"name":"wp","href":"https:\/\/api.w.org\/{rel}","templated":true}]}}