{"id":1342,"date":"2023-02-17T09:53:13","date_gmt":"2023-02-17T09:53:13","guid":{"rendered":"http:\/\/www.sadniceveljovic.rs\/wp\/?post_type=product&#038;p=1342"},"modified":"2026-02-19T13:19:26","modified_gmt":"2026-02-19T12:19:26","slug":"kivi-hayward","status":"publish","type":"product","link":"https:\/\/www.sadniceveljovic.rs\/wp\/product\/kivi-hayward\/","title":{"rendered":"Kivi &#8211; Hayward"},"content":{"rendered":"<p> Hayward je jedna od naj\u017eastupljenijih sorti kivija koja se gaji kod nas. Spada u raniju sortu koja ra\u0111a izuzetno krupne plodove. U pitannju je dvodoma biljka \u0161to zna\u010di da se u paru sade biljke sa \u017eenskim i mu\u0161kim cvetovima.<\/p>\n<p>Antioksidansi i vitamin C su dva najbitnija sastojka kivija. Konzumacija njegovih plodova ubla\u017eava stres, poma\u017ee varenje, pobolj\u0161ava cirkulaciju krvi, ja\u010da imuni sistem i ja\u010da kosti. <\/p>\n<p>Kivi spada u brzorastu\u0107e puzavice pa je neophodno da se odmah postavi potpora kako bi nesmetano rasla u \u017eeljenu formu. Mo\u017ee se postaviti u \u0161palir, u vidu ograde, popeti na letnjikovac trpi sve uslove sredine. Neophodno je orezivanje kako bi se podstakla rodnost a za uzvrat \u0107e vas nagraditi zdravim i ukusnim plodovima. <\/p>\n","protected":false},"excerpt":{"rendered":"<p> Hayward je jedna od naj\u017eastupljenijih sorti kivija koja se gaji kod nas. Spada u raniju sortu koja ra\u0111a izuzetno krupne plodove. U pitannju je dvodoma biljka \u0161to zna\u010di da se u paru sade biljke sa \u017eenskim i mu\u0161kim cvetovima.<\/p>\n<p>Antioksidansi i vitamin C su dva najbitnija sastojka kivija. Konzumacija njegovih plodova ubla\u017eava stres, poma\u017ee varenje, pobolj\u0161ava cirkulaciju krvi, ja\u010da imuni sistem i ja\u010da kosti. <\/p>\n<p>Kivi spada u brzorastu\u0107e puzavice pa je neophodno da se odmah postavi potpora kako bi nesmetano rasla u \u017eeljenu formu. Mo\u017ee se postaviti u \u0161palir, u vidu ograde, popeti na letnjikovac trpi sve uslove sredine. Neophodno je orezivanje kako bi se podstakla rodnost a za uzvrat \u0107e vas nagraditi zdravim i ukusnim plodovima. <\/p>\n","protected":false},"featured_media":1455,"comment_status":"closed","ping_status":"closed","template":"","meta":{"om_disable_all_campaigns":false,"_monsterinsights_skip_tracking":false,"_monsterinsights_sitenote_active":false,"_monsterinsights_sitenote_note":"","_monsterinsights_sitenote_category":0},"product_brand":[],"product_cat":[56,116],"product_tag":[],"class_list":{"0":"post-1342","1":"product","2":"type-product","3":"status-publish","4":"has-post-thumbnail","6":"product_cat-kivi","7":"product_cat-sadnice-tropskog-voca","9":"first","10":"instock","11":"shipping-taxable","12":"purchasable","13":"product-type-simple"},"_links":{"self":[{"href":"https:\/\/www.sadniceveljovic.rs\/wp\/wp-json\/wp\/v2\/product\/1342","targetHints":{"allow":["GET"]}}],"collection":[{"href":"https:\/\/www.sadniceveljovic.rs\/wp\/wp-json\/wp\/v2\/product"}],"about":[{"href":"https:\/\/www.sadniceveljovic.rs\/wp\/wp-json\/wp\/v2\/types\/product"}],"replies":[{"embeddable":true,"href":"https:\/\/www.sadniceveljovic.rs\/wp\/wp-json\/wp\/v2\/comments?post=1342"}],"wp:featuredmedia":[{"embeddable":true,"href":"https:\/\/www.sadniceveljovic.rs\/wp\/wp-json\/wp\/v2\/media\/1455"}],"wp:attachment":[{"href":"https:\/\/www.sadniceveljovic.rs\/wp\/wp-json\/wp\/v2\/media?parent=1342"}],"wp:term":[{"taxonomy":"product_brand","embeddable":true,"href":"https:\/\/www.sadniceveljovic.rs\/wp\/wp-json\/wp\/v2\/product_brand?post=1342"},{"taxonomy":"product_cat","embeddable":true,"href":"https:\/\/www.sadniceveljovic.rs\/wp\/wp-json\/wp\/v2\/product_cat?post=1342"},{"taxonomy":"product_tag","embeddable":true,"href":"https:\/\/www.sadniceveljovic.rs\/wp\/wp-json\/wp\/v2\/product_tag?post=1342"}],"curies":[{"name":"wp","href":"https:\/\/api.w.org\/{rel}","templated":true}]}}