{"id":1340,"date":"2023-02-17T09:53:13","date_gmt":"2023-02-17T09:53:13","guid":{"rendered":"http:\/\/www.sadniceveljovic.rs\/wp\/?post_type=product&#038;p=1340"},"modified":"2025-10-20T18:42:25","modified_gmt":"2025-10-20T17:42:25","slug":"kajsija-dm1","status":"publish","type":"product","link":"https:\/\/www.sadniceveljovic.rs\/wp\/product\/kajsija-dm1\/","title":{"rendered":"Kajsija &#8211; Dm1"},"content":{"rendered":"<p>Plodovi izuzetno krupni 80-110 g, \u0161iroko okruglasti i malo spljo\u0161teni sa strane, narand\u017easte boje sa slabo razvijenim dopunskim crvenilom. Meso je osve\u017eavaju\u0107eg ukusa, so\u010dno i slatko.<br \/>\nVreme sazrevanja krajem VI meseca. Izuzetno atraktivna sorta zbog vremena sazrevanja, velike rodnosti i male ko\u0161tice.<\/p>\n","protected":false},"excerpt":{"rendered":"<p>Plodovi izuzetno krupni 80-110 g, \u0161iroko okruglasti i malo spljo\u0161teni sa strane, narand\u017easte boje sa slabo razvijenim dopunskim crvenilom. Meso je osve\u017eavaju\u0107eg ukusa, so\u010dno i slatko.<br \/>\nVreme sazrevanja krajem VI meseca. Izuzetno atraktivna sorta zbog vremena sazrevanja, velike rodnosti i male ko\u0161tice.<\/p>\n","protected":false},"featured_media":1584,"comment_status":"closed","ping_status":"closed","template":"","meta":{"om_disable_all_campaigns":false,"_monsterinsights_skip_tracking":false,"_monsterinsights_sitenote_active":false,"_monsterinsights_sitenote_note":"","_monsterinsights_sitenote_category":0},"product_brand":[],"product_cat":[54],"product_tag":[],"class_list":{"0":"post-1340","1":"product","2":"type-product","3":"status-publish","4":"has-post-thumbnail","6":"product_cat-kajsija","8":"first","9":"instock","10":"shipping-taxable","11":"purchasable","12":"product-type-variable","13":"has-default-attributes"},"_links":{"self":[{"href":"https:\/\/www.sadniceveljovic.rs\/wp\/wp-json\/wp\/v2\/product\/1340","targetHints":{"allow":["GET"]}}],"collection":[{"href":"https:\/\/www.sadniceveljovic.rs\/wp\/wp-json\/wp\/v2\/product"}],"about":[{"href":"https:\/\/www.sadniceveljovic.rs\/wp\/wp-json\/wp\/v2\/types\/product"}],"replies":[{"embeddable":true,"href":"https:\/\/www.sadniceveljovic.rs\/wp\/wp-json\/wp\/v2\/comments?post=1340"}],"wp:featuredmedia":[{"embeddable":true,"href":"https:\/\/www.sadniceveljovic.rs\/wp\/wp-json\/wp\/v2\/media\/1584"}],"wp:attachment":[{"href":"https:\/\/www.sadniceveljovic.rs\/wp\/wp-json\/wp\/v2\/media?parent=1340"}],"wp:term":[{"taxonomy":"product_brand","embeddable":true,"href":"https:\/\/www.sadniceveljovic.rs\/wp\/wp-json\/wp\/v2\/product_brand?post=1340"},{"taxonomy":"product_cat","embeddable":true,"href":"https:\/\/www.sadniceveljovic.rs\/wp\/wp-json\/wp\/v2\/product_cat?post=1340"},{"taxonomy":"product_tag","embeddable":true,"href":"https:\/\/www.sadniceveljovic.rs\/wp\/wp-json\/wp\/v2\/product_tag?post=1340"}],"curies":[{"name":"wp","href":"https:\/\/api.w.org\/{rel}","templated":true}]}}