{"id":1339,"date":"2023-02-17T09:53:13","date_gmt":"2023-02-17T09:53:13","guid":{"rendered":"http:\/\/www.sadniceveljovic.rs\/wp\/?post_type=product&#038;p=1339"},"modified":"2025-10-20T18:41:48","modified_gmt":"2025-10-20T17:41:48","slug":"kajsija-madarska-najbolja","status":"publish","type":"product","link":"https:\/\/www.sadniceveljovic.rs\/wp\/product\/kajsija-madarska-najbolja\/","title":{"rendered":"Kajsija &#8211; Ma\u0111arska najbolja"},"content":{"rendered":"<p>Ra\u0111a obilno i redovno. Stablo je bujno do izrazito bujno. Otporna je na niske temperature i mrazeve, ali osetljiva na apopleksiju(susenje stabla). Plodovi su krupni od 50 do 55g, ogrugli. Crveno obojena sa karakteristi\u010dnim pegama. Meso dosta \u010dvrsto, so\u010dno, slatko nakiselo, aromati\u010dno, i veoma kvalitetno. Vreme dozrevanja je polovina jula meseca. Rodna i tra\u017eena za stonu upotrebu i industrijsku preradu. Cveta kasno.<\/p>\n","protected":false},"excerpt":{"rendered":"<p>Ra\u0111a obilno i redovno. Stablo je bujno do izrazito bujno. Otporna je na niske temperature i mrazeve, ali osetljiva na apopleksiju(susenje stabla). Plodovi su krupni od 50 do 55g, ogrugli. Crveno obojena sa karakteristi\u010dnim pegama. Meso dosta \u010dvrsto, so\u010dno, slatko nakiselo, aromati\u010dno, i veoma kvalitetno. Vreme dozrevanja je polovina jula meseca. Rodna i tra\u017eena za stonu upotrebu i industrijsku preradu. Cveta kasno.<\/p>\n","protected":false},"featured_media":1583,"comment_status":"closed","ping_status":"closed","template":"","meta":{"om_disable_all_campaigns":false,"_monsterinsights_skip_tracking":false,"_monsterinsights_sitenote_active":false,"_monsterinsights_sitenote_note":"","_monsterinsights_sitenote_category":0},"product_brand":[],"product_cat":[54],"product_tag":[],"class_list":{"0":"post-1339","1":"product","2":"type-product","3":"status-publish","4":"has-post-thumbnail","6":"product_cat-kajsija","8":"first","9":"instock","10":"shipping-taxable","11":"purchasable","12":"product-type-variable","13":"has-default-attributes"},"_links":{"self":[{"href":"https:\/\/www.sadniceveljovic.rs\/wp\/wp-json\/wp\/v2\/product\/1339","targetHints":{"allow":["GET"]}}],"collection":[{"href":"https:\/\/www.sadniceveljovic.rs\/wp\/wp-json\/wp\/v2\/product"}],"about":[{"href":"https:\/\/www.sadniceveljovic.rs\/wp\/wp-json\/wp\/v2\/types\/product"}],"replies":[{"embeddable":true,"href":"https:\/\/www.sadniceveljovic.rs\/wp\/wp-json\/wp\/v2\/comments?post=1339"}],"wp:featuredmedia":[{"embeddable":true,"href":"https:\/\/www.sadniceveljovic.rs\/wp\/wp-json\/wp\/v2\/media\/1583"}],"wp:attachment":[{"href":"https:\/\/www.sadniceveljovic.rs\/wp\/wp-json\/wp\/v2\/media?parent=1339"}],"wp:term":[{"taxonomy":"product_brand","embeddable":true,"href":"https:\/\/www.sadniceveljovic.rs\/wp\/wp-json\/wp\/v2\/product_brand?post=1339"},{"taxonomy":"product_cat","embeddable":true,"href":"https:\/\/www.sadniceveljovic.rs\/wp\/wp-json\/wp\/v2\/product_cat?post=1339"},{"taxonomy":"product_tag","embeddable":true,"href":"https:\/\/www.sadniceveljovic.rs\/wp\/wp-json\/wp\/v2\/product_tag?post=1339"}],"curies":[{"name":"wp","href":"https:\/\/api.w.org\/{rel}","templated":true}]}}