{"id":1338,"date":"2023-02-17T09:53:13","date_gmt":"2023-02-17T09:53:13","guid":{"rendered":"http:\/\/www.sadniceveljovic.rs\/wp\/?post_type=product&#038;p=1338"},"modified":"2025-10-20T18:41:15","modified_gmt":"2025-10-20T17:41:15","slug":"kajsija-keckemetska-ruza","status":"publish","type":"product","link":"https:\/\/www.sadniceveljovic.rs\/wp\/product\/kajsija-keckemetska-ruza\/","title":{"rendered":"Kajsija &#8211; Ke\u010dkemetska ru\u017ea"},"content":{"rendered":"<p>Ke\u010dkemetska ru\u017ea je kasna sorta kajsije poreklom iz Ma\u0111arske. Plod ove sadnice kajsije je srednje krupno\u0107e, mase oko 40-50g, pljosnat asimetri\u010dan i sastoji se iz dve nejednake polovine. Poko\u017eica je \u017euta, sa sun\u010dane strane rumena. Meso je bledo\u017euto, so\u010dno, slatkonakiselo, prijatnog ukusa, jezgra je gorka. Vreme zrenja druga polovina i kraj VII meseca. Stablo je bujno i razvija veliku krunu. Cveta kasno \u010dime uglavnom izbegava poznoprole\u0107ne mrazeve. Srednje je otporna na su\u0161enje stable (apopleksiju), osetljiva na su\u0161u. Kod nas dosta zastupljena, po\u0161to je pogodna i za hladnije oblasti. Lako se prepoznaje jer na peteljci od lista ima dva zaliska.<\/p>\n","protected":false},"excerpt":{"rendered":"<p>Ke\u010dkemetska ru\u017ea je kasna sorta kajsije poreklom iz Ma\u0111arske. Plod ove sadnice kajsije je srednje krupno\u0107e, mase oko 40-50g, pljosnat asimetri\u010dan i sastoji se iz dve nejednake polovine. Poko\u017eica je \u017euta, sa sun\u010dane strane rumena. Meso je bledo\u017euto, so\u010dno, slatkonakiselo, prijatnog ukusa, jezgra je gorka. Vreme zrenja druga polovina i kraj VII meseca. Stablo je bujno i razvija veliku krunu. Cveta kasno \u010dime uglavnom izbegava poznoprole\u0107ne mrazeve. Srednje je otporna na su\u0161enje stable (apopleksiju), osetljiva na su\u0161u. Kod nas dosta zastupljena, po\u0161to je pogodna i za hladnije oblasti. Lako se prepoznaje jer na peteljci od lista ima dva zaliska.<\/p>\n","protected":false},"featured_media":1582,"comment_status":"closed","ping_status":"closed","template":"","meta":{"om_disable_all_campaigns":false,"_monsterinsights_skip_tracking":false,"_monsterinsights_sitenote_active":false,"_monsterinsights_sitenote_note":"","_monsterinsights_sitenote_category":0},"product_brand":[],"product_cat":[54],"product_tag":[],"class_list":{"0":"post-1338","1":"product","2":"type-product","3":"status-publish","4":"has-post-thumbnail","6":"product_cat-kajsija","8":"first","9":"instock","10":"shipping-taxable","11":"purchasable","12":"product-type-variable","13":"has-default-attributes"},"_links":{"self":[{"href":"https:\/\/www.sadniceveljovic.rs\/wp\/wp-json\/wp\/v2\/product\/1338","targetHints":{"allow":["GET"]}}],"collection":[{"href":"https:\/\/www.sadniceveljovic.rs\/wp\/wp-json\/wp\/v2\/product"}],"about":[{"href":"https:\/\/www.sadniceveljovic.rs\/wp\/wp-json\/wp\/v2\/types\/product"}],"replies":[{"embeddable":true,"href":"https:\/\/www.sadniceveljovic.rs\/wp\/wp-json\/wp\/v2\/comments?post=1338"}],"wp:featuredmedia":[{"embeddable":true,"href":"https:\/\/www.sadniceveljovic.rs\/wp\/wp-json\/wp\/v2\/media\/1582"}],"wp:attachment":[{"href":"https:\/\/www.sadniceveljovic.rs\/wp\/wp-json\/wp\/v2\/media?parent=1338"}],"wp:term":[{"taxonomy":"product_brand","embeddable":true,"href":"https:\/\/www.sadniceveljovic.rs\/wp\/wp-json\/wp\/v2\/product_brand?post=1338"},{"taxonomy":"product_cat","embeddable":true,"href":"https:\/\/www.sadniceveljovic.rs\/wp\/wp-json\/wp\/v2\/product_cat?post=1338"},{"taxonomy":"product_tag","embeddable":true,"href":"https:\/\/www.sadniceveljovic.rs\/wp\/wp-json\/wp\/v2\/product_tag?post=1338"}],"curies":[{"name":"wp","href":"https:\/\/api.w.org\/{rel}","templated":true}]}}