{"id":1323,"date":"2023-02-17T09:53:04","date_gmt":"2023-02-17T09:53:04","guid":{"rendered":"http:\/\/www.sadniceveljovic.rs\/wp\/?post_type=product&#038;p=1323"},"modified":"2025-10-21T16:21:19","modified_gmt":"2025-10-21T15:21:19","slug":"jabuka-plantazna-super-cif","status":"publish","type":"product","link":"https:\/\/www.sadniceveljovic.rs\/wp\/product\/jabuka-plantazna-super-cif\/","title":{"rendered":"Jabuka planta\u017ena &#8211; Super \u010dif"},"content":{"rendered":"<p>Veoma produktivna sorta srednje bujnosti (manje od Red Chief-a) sa plodovima loptastog oblika, tamno crvene boje po celoj povr\u0161ini. Prose\u010dna te\u017eina ploda je 200 g, meso je \u010dvrsto, slatko i aromati\u010dno, sa mogu\u0107no\u0161\u0107u dugog \u010duvanja. Sazreva 9 dana pre Golden B-a. Superchief spada u grupu crvenih deli\u0161es-a. <\/p>\n","protected":false},"excerpt":{"rendered":"<p>Veoma produktivna sorta srednje bujnosti (manje od Red Chief-a) sa plodovima loptastog oblika, tamno crvene boje po celoj povr\u0161ini. Prose\u010dna te\u017eina ploda je 200 g, meso je \u010dvrsto, slatko i aromati\u010dno, sa mogu\u0107no\u0161\u0107u dugog \u010duvanja. Sazreva 9 dana pre Golden B-a. Superchief spada u grupu crvenih deli\u0161es-a. <\/p>\n","protected":false},"featured_media":1568,"comment_status":"closed","ping_status":"closed","template":"","meta":{"om_disable_all_campaigns":false,"_monsterinsights_skip_tracking":false,"_monsterinsights_sitenote_active":false,"_monsterinsights_sitenote_note":"","_monsterinsights_sitenote_category":0},"product_brand":[],"product_cat":[52],"product_tag":[],"class_list":{"0":"post-1323","1":"product","2":"type-product","3":"status-publish","4":"has-post-thumbnail","6":"product_cat-jabuka-plantazna","8":"first","9":"instock","10":"shipping-taxable","11":"purchasable","12":"product-type-variable","13":"has-default-attributes"},"_links":{"self":[{"href":"https:\/\/www.sadniceveljovic.rs\/wp\/wp-json\/wp\/v2\/product\/1323","targetHints":{"allow":["GET"]}}],"collection":[{"href":"https:\/\/www.sadniceveljovic.rs\/wp\/wp-json\/wp\/v2\/product"}],"about":[{"href":"https:\/\/www.sadniceveljovic.rs\/wp\/wp-json\/wp\/v2\/types\/product"}],"replies":[{"embeddable":true,"href":"https:\/\/www.sadniceveljovic.rs\/wp\/wp-json\/wp\/v2\/comments?post=1323"}],"wp:featuredmedia":[{"embeddable":true,"href":"https:\/\/www.sadniceveljovic.rs\/wp\/wp-json\/wp\/v2\/media\/1568"}],"wp:attachment":[{"href":"https:\/\/www.sadniceveljovic.rs\/wp\/wp-json\/wp\/v2\/media?parent=1323"}],"wp:term":[{"taxonomy":"product_brand","embeddable":true,"href":"https:\/\/www.sadniceveljovic.rs\/wp\/wp-json\/wp\/v2\/product_brand?post=1323"},{"taxonomy":"product_cat","embeddable":true,"href":"https:\/\/www.sadniceveljovic.rs\/wp\/wp-json\/wp\/v2\/product_cat?post=1323"},{"taxonomy":"product_tag","embeddable":true,"href":"https:\/\/www.sadniceveljovic.rs\/wp\/wp-json\/wp\/v2\/product_tag?post=1323"}],"curies":[{"name":"wp","href":"https:\/\/api.w.org\/{rel}","templated":true}]}}