{"id":1314,"date":"2023-02-17T09:53:04","date_gmt":"2023-02-17T09:53:04","guid":{"rendered":"http:\/\/www.sadniceveljovic.rs\/wp\/?post_type=product&#038;p=1314"},"modified":"2023-02-22T16:47:59","modified_gmt":"2023-02-22T15:47:59","slug":"dren-dren-domaci-nekalemljeni","status":"publish","type":"product","link":"https:\/\/www.sadniceveljovic.rs\/wp\/product\/dren-dren-domaci-nekalemljeni\/","title":{"rendered":"Dren &#8211; Dren doma\u0107i nekalemljeni"},"content":{"rendered":"<p>Doma\u0107i dren Cornus mas pripada porodici drenova i raste u ju\u017enoj Evropi i jugozapadnoj Aziji. To je samonikli listopadni grm srednjeg ili velikog rasta,  2-5 metara visine, sa gustom kro\u0161njom koju \u010dine tamno braon gran\u010dice i zeleno li\u0161\u0107e na dodir hrapavo. Jako dekorativna vrsta koja cveta po\u010detkom februara kada retko koja biljka cveta. Zbog ove osobine se \u010desto sadi kao dekorativni element u vrtu. Veoma dugove\u010dna i otporna vrsta.<\/p>\n","protected":false},"excerpt":{"rendered":"<p>Doma\u0107i dren Cornus mas pripada porodici drenova i raste u ju\u017enoj Evropi i jugozapadnoj Aziji. To je samonikli listopadni grm srednjeg ili velikog rasta,  2-5 metara visine, sa gustom kro\u0161njom koju \u010dine tamno braon gran\u010dice i zeleno li\u0161\u0107e na dodir hrapavo. Jako dekorativna vrsta koja cveta po\u010detkom februara kada retko koja biljka cveta. Zbog ove osobine se \u010desto sadi kao dekorativni element u vrtu. Veoma dugove\u010dna i otporna vrsta.<\/p>\n","protected":false},"featured_media":1550,"comment_status":"closed","ping_status":"closed","template":"","meta":{"om_disable_all_campaigns":false,"_monsterinsights_skip_tracking":false,"_monsterinsights_sitenote_active":false,"_monsterinsights_sitenote_note":"","_monsterinsights_sitenote_category":0},"product_brand":[],"product_cat":[48],"product_tag":[],"class_list":{"0":"post-1314","1":"product","2":"type-product","3":"status-publish","4":"has-post-thumbnail","6":"product_cat-dren","8":"first","9":"instock","10":"shipping-taxable","11":"purchasable","12":"product-type-simple"},"_links":{"self":[{"href":"https:\/\/www.sadniceveljovic.rs\/wp\/wp-json\/wp\/v2\/product\/1314","targetHints":{"allow":["GET"]}}],"collection":[{"href":"https:\/\/www.sadniceveljovic.rs\/wp\/wp-json\/wp\/v2\/product"}],"about":[{"href":"https:\/\/www.sadniceveljovic.rs\/wp\/wp-json\/wp\/v2\/types\/product"}],"replies":[{"embeddable":true,"href":"https:\/\/www.sadniceveljovic.rs\/wp\/wp-json\/wp\/v2\/comments?post=1314"}],"wp:featuredmedia":[{"embeddable":true,"href":"https:\/\/www.sadniceveljovic.rs\/wp\/wp-json\/wp\/v2\/media\/1550"}],"wp:attachment":[{"href":"https:\/\/www.sadniceveljovic.rs\/wp\/wp-json\/wp\/v2\/media?parent=1314"}],"wp:term":[{"taxonomy":"product_brand","embeddable":true,"href":"https:\/\/www.sadniceveljovic.rs\/wp\/wp-json\/wp\/v2\/product_brand?post=1314"},{"taxonomy":"product_cat","embeddable":true,"href":"https:\/\/www.sadniceveljovic.rs\/wp\/wp-json\/wp\/v2\/product_cat?post=1314"},{"taxonomy":"product_tag","embeddable":true,"href":"https:\/\/www.sadniceveljovic.rs\/wp\/wp-json\/wp\/v2\/product_tag?post=1314"}],"curies":[{"name":"wp","href":"https:\/\/api.w.org\/{rel}","templated":true}]}}