{"id":1310,"date":"2023-02-17T09:53:03","date_gmt":"2023-02-17T09:53:03","guid":{"rendered":"http:\/\/www.sadniceveljovic.rs\/wp\/?post_type=product&#038;p=1310"},"modified":"2025-10-21T17:08:21","modified_gmt":"2025-10-21T16:08:21","slug":"breskva-spring-tajm","status":"publish","type":"product","link":"https:\/\/www.sadniceveljovic.rs\/wp\/product\/breskva-spring-tajm\/","title":{"rendered":"Breskva &#8211; Spring tajm"},"content":{"rendered":"<p>Najbolje vo\u0107e uvek dolazi iz va\u0161e ba\u0161te,kada mo\u017eete da ga uberete po toplom,sun\u010danom danu. Zadovoljstvo nam je \u0161to mo\u017eemo ponuditi ovu ranu sortu breskve koju smo isprobali, probali i ocenili kao jednu od najboljih ranih stabala breskvi ikada.<\/p>\n<p>Prole\u0107na breskva daje neverovatno slatke, mirisne, so\u010dne i bele plodove koji sazrevaju ve\u0107 u julu. Breskve su srednje velike do velike, sa ko\u0161ticom i sazrijevaju u julu. Nema mogu\u0107nosti skladi\u0161tenja. Mlada stabla nisu dovoljno jaka da zadr\u017ee sve plodove od opra\u0161enog cvetanja pa odaberite nekoliko najve\u0107ih i pustite stablo da oja\u010da prvih nekoliko godina (prorje\u0111ivanje).<\/p>\n<p>Cveta sredinom sezone u zoni 6, a rano u zoni 7. Predla\u017eemo da je sadite na otvorenim povr\u0161inama kako bi mogla osetiti hladan, proletni povetarac koji \u0107e odlo\u017eiti cvetanje i time spre\u010diti cve\u0107e od o\u0161te\u0107enja mrazom ako se prerano otvori.<\/p>\n<p>Stabla breskve vole blago alkalno tlo, vla\u017eno, ali dobro drenirano. Ne presa\u0111ujte stabla s golim korenom u jesen, samo u prole\u0107e. Rezidba je mogu\u0107a sredinom avgusta &#8211; duge grane ise\u0107i na pola i uklonite slabe. Pouzdano otporan na -27\u00b0C.<\/p>\n","protected":false},"excerpt":{"rendered":"<p>Najbolje vo\u0107e uvek dolazi iz va\u0161e ba\u0161te,kada mo\u017eete da ga uberete po toplom,sun\u010danom danu. Zadovoljstvo nam je \u0161to mo\u017eemo ponuditi ovu ranu sortu breskve koju smo isprobali, probali i ocenili kao jednu od najboljih ranih stabala breskvi ikada.<\/p>\n<p>Prole\u0107na breskva daje neverovatno slatke, mirisne, so\u010dne i bele plodove koji sazrevaju ve\u0107 u julu. Breskve su srednje velike do velike, sa ko\u0161ticom i sazrijevaju u julu. Nema mogu\u0107nosti skladi\u0161tenja. Mlada stabla nisu dovoljno jaka da zadr\u017ee sve plodove od opra\u0161enog cvetanja pa odaberite nekoliko najve\u0107ih i pustite stablo da oja\u010da prvih nekoliko godina (prorje\u0111ivanje).<\/p>\n<p>Cveta sredinom sezone u zoni 6, a rano u zoni 7. Predla\u017eemo da je sadite na otvorenim povr\u0161inama kako bi mogla osetiti hladan, proletni povetarac koji \u0107e odlo\u017eiti cvetanje i time spre\u010diti cve\u0107e od o\u0161te\u0107enja mrazom ako se prerano otvori.<\/p>\n<p>Stabla breskve vole blago alkalno tlo, vla\u017eno, ali dobro drenirano. Ne presa\u0111ujte stabla s golim korenom u jesen, samo u prole\u0107e. Rezidba je mogu\u0107a sredinom avgusta &#8211; duge grane ise\u0107i na pola i uklonite slabe. Pouzdano otporan na -27\u00b0C.<\/p>\n","protected":false},"featured_media":1540,"comment_status":"closed","ping_status":"closed","template":"","meta":{"om_disable_all_campaigns":false,"_monsterinsights_skip_tracking":false,"_monsterinsights_sitenote_active":false,"_monsterinsights_sitenote_note":"","_monsterinsights_sitenote_category":0},"product_brand":[],"product_cat":[46],"product_tag":[],"class_list":{"0":"post-1310","1":"product","2":"type-product","3":"status-publish","4":"has-post-thumbnail","6":"product_cat-breskva","8":"first","9":"instock","10":"shipping-taxable","11":"purchasable","12":"product-type-variable","13":"has-default-attributes"},"_links":{"self":[{"href":"https:\/\/www.sadniceveljovic.rs\/wp\/wp-json\/wp\/v2\/product\/1310","targetHints":{"allow":["GET"]}}],"collection":[{"href":"https:\/\/www.sadniceveljovic.rs\/wp\/wp-json\/wp\/v2\/product"}],"about":[{"href":"https:\/\/www.sadniceveljovic.rs\/wp\/wp-json\/wp\/v2\/types\/product"}],"replies":[{"embeddable":true,"href":"https:\/\/www.sadniceveljovic.rs\/wp\/wp-json\/wp\/v2\/comments?post=1310"}],"wp:featuredmedia":[{"embeddable":true,"href":"https:\/\/www.sadniceveljovic.rs\/wp\/wp-json\/wp\/v2\/media\/1540"}],"wp:attachment":[{"href":"https:\/\/www.sadniceveljovic.rs\/wp\/wp-json\/wp\/v2\/media?parent=1310"}],"wp:term":[{"taxonomy":"product_brand","embeddable":true,"href":"https:\/\/www.sadniceveljovic.rs\/wp\/wp-json\/wp\/v2\/product_brand?post=1310"},{"taxonomy":"product_cat","embeddable":true,"href":"https:\/\/www.sadniceveljovic.rs\/wp\/wp-json\/wp\/v2\/product_cat?post=1310"},{"taxonomy":"product_tag","embeddable":true,"href":"https:\/\/www.sadniceveljovic.rs\/wp\/wp-json\/wp\/v2\/product_tag?post=1310"}],"curies":[{"name":"wp","href":"https:\/\/api.w.org\/{rel}","templated":true}]}}